{"id":83,"date":"2022-08-16T12:40:26","date_gmt":"2022-08-16T12:40:26","guid":{"rendered":"https:\/\/bagalali-trade.ch\/?page_id=83"},"modified":"2025-09-08T19:58:49","modified_gmt":"2025-09-08T19:58:49","slug":"uber-uns","status":"publish","type":"page","link":"https:\/\/bagalali-trade.ch\/index.php\/uber-uns\/","title":{"rendered":"\u00dcber uns"},"content":{"rendered":"<p><img loading=\"lazy\" decoding=\"async\" class=\"size-full wp-image-78 aligncenter\" src=\"https:\/\/bagalali-trade.ch\/wp-content\/uploads\/2022\/08\/c9c752ea6c1449d483d768e8b009a414-2.png\" alt=\"\" width=\"200\" height=\"200\" srcset=\"https:\/\/bagalali-trade.ch\/wp-content\/uploads\/2022\/08\/c9c752ea6c1449d483d768e8b009a414-2.png 200w, https:\/\/bagalali-trade.ch\/wp-content\/uploads\/2022\/08\/c9c752ea6c1449d483d768e8b009a414-2-150x150.png 150w, https:\/\/bagalali-trade.ch\/wp-content\/uploads\/2022\/08\/c9c752ea6c1449d483d768e8b009a414-2-100x100.png 100w\" sizes=\"auto, (max-width: 200px) 100vw, 200px\" \/><\/p>\n<p style=\"text-align: center;\"><span class=\"top-card-link__description\">Wir als Bagalali Trade GmbH importieren und exportieren seit 2009 viele Produkte aus Deutschland, Griechenland, Bulgarien und der T\u00fcrkei.<\/span><\/p>\n<p style=\"text-align: center;\">Beim Import\/Export geht es darum, Waren in das eigene Land einzuf\u00fchren oder aus dem eigenen Land auszuf\u00fchren. Heute geh\u00f6rt Import\/Export in vielen Branchen zum Alltag. Kaum ein Unternehmen kommt noch ohne Import von Waren oder Export eigener Waren aus. Doch Import und Export von Waren erfordern ein H\u00f6chstmass an Planung und Organisation. Zudem m\u00fcssen die Gesetze und Vorschriften des eigenen Landes und die anderer L\u00e4nder ber\u00fccksichtigt werden. Dabei spielen nicht nur die Vorschriften des Bestimmungslandes eine wichtige Rolle; auch die L\u00e4nder, durch die der Transport f\u00fchren soll, stellen besondere Anforderungen.<\/p>\n<table>\n<tbody>\n<tr>\n<td><strong>Handelsregister-Nr.<\/strong><\/td>\n<td>CHE-114.840.509<\/td>\n<\/tr>\n<\/tbody>\n<\/table>\n<p>\u00a9 2020 &#8211; 2026 All rights reserved<\/p>\n<p><img loading=\"lazy\" decoding=\"async\" class=\"alignnone wp-image-323\" src=\"https:\/\/bagalali-trade.ch\/wp-content\/uploads\/2024\/02\/45-300x154.jpg\" alt=\"\" width=\"598\" height=\"307\" srcset=\"https:\/\/bagalali-trade.ch\/wp-content\/uploads\/2024\/02\/45-300x154.jpg 300w, https:\/\/bagalali-trade.ch\/wp-content\/uploads\/2024\/02\/45-1024x524.jpg 1024w, https:\/\/bagalali-trade.ch\/wp-content\/uploads\/2024\/02\/45-768x393.jpg 768w, https:\/\/bagalali-trade.ch\/wp-content\/uploads\/2024\/02\/45.jpg 1080w\" sizes=\"auto, (max-width: 598px) 100vw, 598px\" \/><\/p>\n","protected":false},"excerpt":{"rendered":"<p>Wir als Bagalali Trade GmbH importieren und exportieren seit 2009 viele Produkte aus Deutschland, Griechenland, Bulgarien und der T\u00fcrkei. Beim Import\/Export geht es darum, Waren in das eigene Land einzuf\u00fchren oder aus dem eigenen Land auszuf\u00fchren. Heute geh\u00f6rt Import\/Export in vielen Branchen zum Alltag. Kaum ein Unternehmen kommt noch ohne Import von Waren oder Export &hellip; <\/p>\n<p class=\"link-more\"><a href=\"https:\/\/bagalali-trade.ch\/index.php\/uber-uns\/\" class=\"more-link\"><span class=\"screen-reader-text\">&#171;\u00dcber uns&#187;<\/span> weiterlesen<\/a><\/p>\n","protected":false},"author":1,"featured_media":0,"parent":0,"menu_order":0,"comment_status":"closed","ping_status":"closed","template":"","meta":{"footnotes":""},"class_list":["post-83","page","type-page","status-publish","hentry"],"_links":{"self":[{"href":"https:\/\/bagalali-trade.ch\/index.php\/wp-json\/wp\/v2\/pages\/83","targetHints":{"allow":["GET"]}}],"collection":[{"href":"https:\/\/bagalali-trade.ch\/index.php\/wp-json\/wp\/v2\/pages"}],"about":[{"href":"https:\/\/bagalali-trade.ch\/index.php\/wp-json\/wp\/v2\/types\/page"}],"author":[{"embeddable":true,"href":"https:\/\/bagalali-trade.ch\/index.php\/wp-json\/wp\/v2\/users\/1"}],"replies":[{"embeddable":true,"href":"https:\/\/bagalali-trade.ch\/index.php\/wp-json\/wp\/v2\/comments?post=83"}],"version-history":[{"count":9,"href":"https:\/\/bagalali-trade.ch\/index.php\/wp-json\/wp\/v2\/pages\/83\/revisions"}],"predecessor-version":[{"id":338,"href":"https:\/\/bagalali-trade.ch\/index.php\/wp-json\/wp\/v2\/pages\/83\/revisions\/338"}],"wp:attachment":[{"href":"https:\/\/bagalali-trade.ch\/index.php\/wp-json\/wp\/v2\/media?parent=83"}],"curies":[{"name":"wp","href":"https:\/\/api.w.org\/{rel}","templated":true}]}}